{"id":8297,"date":"2023-04-14T11:38:47","date_gmt":"2023-04-14T09:38:47","guid":{"rendered":"https:\/\/portesgarcia.com\/serveis\/"},"modified":"2023-07-25T08:25:19","modified_gmt":"2023-07-25T06:25:19","slug":"serveis","status":"publish","type":"page","link":"https:\/\/portesgarcia.com\/ca\/serveis\/","title":{"rendered":"Serveis"},"content":{"rendered":"\t\t<div data-elementor-type=\"wp-page\" data-elementor-id=\"8297\" class=\"elementor elementor-8297 elementor-1601\" data-elementor-post-type=\"page\">\n\t\t\t\t\t\t<div class=\"elementor-section elementor-top-section elementor-element elementor-element-1d5549b elementor-section-full_width elementor-section-stretched elementor-section-height-default elementor-section-height-default\" data-id=\"1d5549b\" data-element_type=\"section\" data-e-type=\"section\" data-settings=\"{&quot;stretch_section&quot;:&quot;section-stretched&quot;,&quot;background_background&quot;:&quot;classic&quot;}\">\n\t\t\t\t\t\t<div class=\"elementor-container elementor-column-gap-default\">\n\t\t\t\t\t<div class=\"elementor-column elementor-col-100 elementor-top-column elementor-element elementor-element-a441d8d\" data-id=\"a441d8d\" data-element_type=\"column\" data-e-type=\"column\">\n\t\t\t<div class=\"elementor-widget-wrap elementor-element-populated\">\n\t\t\t\t\t\t<div class=\"elementor-section elementor-inner-section elementor-element elementor-element-3a30a90 elementor-section-boxed elementor-section-height-default elementor-section-height-default\" data-id=\"3a30a90\" data-element_type=\"section\" data-e-type=\"section\">\n\t\t\t\t\t\t<div class=\"elementor-container elementor-column-gap-default\">\n\t\t\t\t\t<div class=\"elementor-column elementor-col-100 elementor-inner-column elementor-element elementor-element-b82dc44\" data-id=\"b82dc44\" data-element_type=\"column\" data-e-type=\"column\">\n\t\t\t<div class=\"elementor-widget-wrap elementor-element-populated\">\n\t\t\t\t\t\t<div class=\"elementor-element elementor-element-6b34e44 elementor-widget elementor-widget-heading\" data-id=\"6b34e44\" data-element_type=\"widget\" data-e-type=\"widget\" data-widget_type=\"heading.default\">\n\t\t\t\t<div class=\"elementor-widget-container\">\n\t\t\t\t\t<h6 class=\"elementor-heading-title elementor-size-default\">Els nostres serveis<\/h6>\t\t\t\t<\/div>\n\t\t\t\t<\/div>\n\t\t\t\t<div class=\"elementor-element elementor-element-efb564d elementor-widget elementor-widget-heading\" data-id=\"efb564d\" data-element_type=\"widget\" data-e-type=\"widget\" data-widget_type=\"heading.default\">\n\t\t\t\t<div class=\"elementor-widget-container\">\n\t\t\t\t\t<h5 class=\"elementor-heading-title elementor-size-default\">Professionalitat i qualitat<\/h5>\t\t\t\t<\/div>\n\t\t\t\t<\/div>\n\t\t\t\t\t<\/div>\n\t\t<\/div>\n\t\t\t\t\t<\/div>\n\t\t<\/div>\n\t\t\t\t<div class=\"elementor-section elementor-inner-section elementor-element elementor-element-9236ff9 pt-border-line elementor-section-boxed elementor-section-height-default elementor-section-height-default\" data-id=\"9236ff9\" data-element_type=\"section\" data-e-type=\"section\">\n\t\t\t\t\t\t<div class=\"elementor-container elementor-column-gap-default\">\n\t\t\t\t\t<div class=\"elementor-column elementor-col-50 elementor-inner-column elementor-element elementor-element-c16254f pt-dot-circle\" data-id=\"c16254f\" data-element_type=\"column\" data-e-type=\"column\" data-settings=\"{&quot;animation&quot;:&quot;none&quot;}\">\n\t\t\t<div class=\"elementor-widget-wrap elementor-element-populated\">\n\t\t\t\t\t\t<div class=\"elementor-element elementor-element-f0e6774 elementor-invisible elementor-widget elementor-widget-image\" data-id=\"f0e6774\" data-element_type=\"widget\" data-e-type=\"widget\" data-settings=\"{&quot;_animation&quot;:&quot;fadeInLeft&quot;}\" data-widget_type=\"image.default\">\n\t\t\t\t<div class=\"elementor-widget-container\">\n\t\t\t\t\t\t\t\t\t\t\t\t\t\t\t<img fetchpriority=\"high\" decoding=\"async\" width=\"620\" height=\"569\" src=\"https:\/\/portesgarcia.com\/wp-content\/uploads\/2023\/06\/servicios_s1.png\" class=\"attachment-full size-full wp-image-7279\" alt=\"\" srcset=\"https:\/\/portesgarcia.com\/wp-content\/uploads\/2023\/06\/servicios_s1.png 620w, https:\/\/portesgarcia.com\/wp-content\/uploads\/2023\/06\/servicios_s1-300x275.png 300w\" sizes=\"(max-width: 620px) 100vw, 620px\" loading=\"eager\" \/>\t\t\t\t\t\t\t\t\t\t\t\t\t\t\t<\/div>\n\t\t\t\t<\/div>\n\t\t\t\t\t<\/div>\n\t\t<\/div>\n\t\t\t\t<div class=\"elementor-column elementor-col-50 elementor-inner-column elementor-element elementor-element-d05267c elementor-invisible\" data-id=\"d05267c\" data-element_type=\"column\" data-e-type=\"column\" data-settings=\"{&quot;animation&quot;:&quot;fadeInRight&quot;}\">\n\t\t\t<div class=\"elementor-widget-wrap elementor-element-populated\">\n\t\t\t\t\t\t<div class=\"elementor-element elementor-element-ef37df9 elementor-widget elementor-widget-icon-box\" data-id=\"ef37df9\" data-element_type=\"widget\" data-e-type=\"widget\" data-widget_type=\"icon-box.default\">\n\t\t\t\t<div class=\"elementor-widget-container\">\n\t\t\t\t\t\t\t<div class=\"elementor-icon-box-wrapper\">\n\n\t\t\t\n\t\t\t\t\t\t<div class=\"elementor-icon-box-content\">\n\n\t\t\t\t\t\t\t\t\t<h3 class=\"elementor-icon-box-title\">\n\t\t\t\t\t\t<span  >\n\t\t\t\t\t\t\t01. Fabricaci\u00f3\t\t\t\t\t\t<\/span>\n\t\t\t\t\t<\/h3>\n\t\t\t\t\n\t\t\t\t\t\t\t\t\t<p class=\"elementor-icon-box-description\">\n\t\t\t\t\t\tA Portes Garc\u00eda, ens especialitzem en la fabricaci\u00f3 de tot tipus de portes autom\u00e0tiques. El nostre cat\u00e0leg inclou una \u00e0mplia varietat d'opcions, com portes autom\u00e0tiques, enrotllables, basculants, per als vianants i moltes m\u00e9s. Cadascuna de les nostres portes es fabrica amb precisi\u00f3 i utilitzant materials d'alta qualitat per garantir-ne el funcionament eficient i durabilitat al llarg del temps. \t\t\t\t\t<\/p>\n\t\t\t\t\n\t\t\t<\/div>\n\t\t\t\n\t\t<\/div>\n\t\t\t\t\t\t<\/div>\n\t\t\t\t<\/div>\n\t\t\t\t\t<\/div>\n\t\t<\/div>\n\t\t\t\t\t<\/div>\n\t\t<\/div>\n\t\t\t\t<div class=\"elementor-section elementor-inner-section elementor-element elementor-element-80eda41 elementor-reverse-mobile pt-border-line elementor-section-boxed elementor-section-height-default elementor-section-height-default\" data-id=\"80eda41\" data-element_type=\"section\" data-e-type=\"section\">\n\t\t\t\t\t\t<div class=\"elementor-container elementor-column-gap-default\">\n\t\t\t\t\t<div class=\"elementor-column elementor-col-50 elementor-inner-column elementor-element elementor-element-7ac43d3 elementor-invisible\" data-id=\"7ac43d3\" data-element_type=\"column\" data-e-type=\"column\" data-settings=\"{&quot;animation&quot;:&quot;fadeInLeft&quot;}\">\n\t\t\t<div class=\"elementor-widget-wrap elementor-element-populated\">\n\t\t\t\t\t\t<div class=\"elementor-element elementor-element-b2877e9 elementor-widget elementor-widget-icon-box\" data-id=\"b2877e9\" data-element_type=\"widget\" data-e-type=\"widget\" data-widget_type=\"icon-box.default\">\n\t\t\t\t<div class=\"elementor-widget-container\">\n\t\t\t\t\t\t\t<div class=\"elementor-icon-box-wrapper\">\n\n\t\t\t\n\t\t\t\t\t\t<div class=\"elementor-icon-box-content\">\n\n\t\t\t\t\t\t\t\t\t<h3 class=\"elementor-icon-box-title\">\n\t\t\t\t\t\t<span  >\n\t\t\t\t\t\t\t02. Dissenys a mida\t\t\t\t\t\t<\/span>\n\t\t\t\t\t<\/h3>\n\t\t\t\t\n\t\t\t\t\t\t\t\t\t<p class=\"elementor-icon-box-description\">\n\t\t\t\t\t\tA Portes Garc\u00eda, estem preparats per resoldre qualsevol tipus de requeriment t\u00e8cnic i de disseny que pugui sorgir. Comptem amb l'experi\u00e8ncia i el coneixement necessari per fer front a desafiaments i oferir solucions personalitzades. Tots els nostres dissenys i solucions compleixen totes les normatives de la UE.\t\t\t\t\t<\/p>\n\t\t\t\t\n\t\t\t<\/div>\n\t\t\t\n\t\t<\/div>\n\t\t\t\t\t\t<\/div>\n\t\t\t\t<\/div>\n\t\t\t\t\t<\/div>\n\t\t<\/div>\n\t\t\t\t<div class=\"elementor-column elementor-col-50 elementor-inner-column elementor-element elementor-element-471f437 pt-dot-circle left\" data-id=\"471f437\" data-element_type=\"column\" data-e-type=\"column\" data-settings=\"{&quot;animation&quot;:&quot;none&quot;}\">\n\t\t\t<div class=\"elementor-widget-wrap elementor-element-populated\">\n\t\t\t\t\t\t<div class=\"elementor-element elementor-element-8ae1230 elementor-invisible elementor-widget elementor-widget-image\" data-id=\"8ae1230\" data-element_type=\"widget\" data-e-type=\"widget\" data-settings=\"{&quot;_animation&quot;:&quot;fadeInRight&quot;}\" data-widget_type=\"image.default\">\n\t\t\t\t<div class=\"elementor-widget-container\">\n\t\t\t\t\t\t\t\t\t\t\t\t\t\t\t<img decoding=\"async\" width=\"620\" height=\"569\" src=\"https:\/\/portesgarcia.com\/wp-content\/uploads\/2023\/06\/servicios_s2.png\" class=\"attachment-full size-full wp-image-7280\" alt=\"\" srcset=\"https:\/\/portesgarcia.com\/wp-content\/uploads\/2023\/06\/servicios_s2.png 620w, https:\/\/portesgarcia.com\/wp-content\/uploads\/2023\/06\/servicios_s2-300x275.png 300w\" sizes=\"(max-width: 620px) 100vw, 620px\" loading=\"eager\" \/>\t\t\t\t\t\t\t\t\t\t\t\t\t\t\t<\/div>\n\t\t\t\t<\/div>\n\t\t\t\t\t<\/div>\n\t\t<\/div>\n\t\t\t\t\t<\/div>\n\t\t<\/div>\n\t\t\t\t<div class=\"elementor-section elementor-inner-section elementor-element elementor-element-ace5aec pt-border-line elementor-section-boxed elementor-section-height-default elementor-section-height-default\" data-id=\"ace5aec\" data-element_type=\"section\" data-e-type=\"section\">\n\t\t\t\t\t\t<div class=\"elementor-container elementor-column-gap-default\">\n\t\t\t\t\t<div class=\"elementor-column elementor-col-50 elementor-inner-column elementor-element elementor-element-ed7e279 pt-dot-circle\" data-id=\"ed7e279\" data-element_type=\"column\" data-e-type=\"column\" data-settings=\"{&quot;animation&quot;:&quot;none&quot;}\">\n\t\t\t<div class=\"elementor-widget-wrap elementor-element-populated\">\n\t\t\t\t\t\t<div class=\"elementor-element elementor-element-2f2c54d elementor-invisible elementor-widget elementor-widget-image\" data-id=\"2f2c54d\" data-element_type=\"widget\" data-e-type=\"widget\" data-settings=\"{&quot;_animation&quot;:&quot;fadeInLeft&quot;}\" data-widget_type=\"image.default\">\n\t\t\t\t<div class=\"elementor-widget-container\">\n\t\t\t\t\t\t\t\t\t\t\t\t\t\t\t<img decoding=\"async\" width=\"620\" height=\"569\" src=\"https:\/\/portesgarcia.com\/wp-content\/uploads\/2023\/06\/servicios_s3.png\" class=\"attachment-full size-full wp-image-7281\" alt=\"\" srcset=\"https:\/\/portesgarcia.com\/wp-content\/uploads\/2023\/06\/servicios_s3.png 620w, https:\/\/portesgarcia.com\/wp-content\/uploads\/2023\/06\/servicios_s3-300x275.png 300w\" sizes=\"(max-width: 620px) 100vw, 620px\" loading=\"eager\" \/>\t\t\t\t\t\t\t\t\t\t\t\t\t\t\t<\/div>\n\t\t\t\t<\/div>\n\t\t\t\t\t<\/div>\n\t\t<\/div>\n\t\t\t\t<div class=\"elementor-column elementor-col-50 elementor-inner-column elementor-element elementor-element-97dd86a elementor-invisible\" data-id=\"97dd86a\" data-element_type=\"column\" data-e-type=\"column\" data-settings=\"{&quot;animation&quot;:&quot;fadeInRight&quot;}\">\n\t\t\t<div class=\"elementor-widget-wrap elementor-element-populated\">\n\t\t\t\t\t\t<div class=\"elementor-element elementor-element-71445d9 elementor-widget elementor-widget-icon-box\" data-id=\"71445d9\" data-element_type=\"widget\" data-e-type=\"widget\" data-widget_type=\"icon-box.default\">\n\t\t\t\t<div class=\"elementor-widget-container\">\n\t\t\t\t\t\t\t<div class=\"elementor-icon-box-wrapper\">\n\n\t\t\t\n\t\t\t\t\t\t<div class=\"elementor-icon-box-content\">\n\n\t\t\t\t\t\t\t\t\t<h3 class=\"elementor-icon-box-title\">\n\t\t\t\t\t\t<span  >\n\t\t\t\t\t\t\t03. Manteniment\t\t\t\t\t\t<\/span>\n\t\t\t\t\t<\/h3>\n\t\t\t\t\n\t\t\t\t\t\t\t\t\t<p class=\"elementor-icon-box-description\">\n\t\t\t\t\t\tEl nostre servei inclou el manteniment de portes, garantint que es trobin en condicions \u00f2ptimes. Confia en nosaltres per assegurar el correcte funcionament i durabilitat de les portes met\u00e0l\u00b7liques. Mantingues les portes en perfectes condicions amb la nostra experi\u00e8ncia i atenci\u00f3 personalitzada!\t\t\t\t\t<\/p>\n\t\t\t\t\n\t\t\t<\/div>\n\t\t\t\n\t\t<\/div>\n\t\t\t\t\t\t<\/div>\n\t\t\t\t<\/div>\n\t\t\t\t\t<\/div>\n\t\t<\/div>\n\t\t\t\t\t<\/div>\n\t\t<\/div>\n\t\t\t\t\t<\/div>\n\t\t<\/div>\n\t\t\t\t\t<\/div>\n\t\t<\/div>\n\t\t\t\t<\/div>\n\t\t","protected":false},"excerpt":{"rendered":"<p>Els nostres serveis Professionalitat i qualitat 01. Fabricaci\u00f3 A Portes Garc\u00eda, ens especialitzem en la fabricaci\u00f3 de tot tipus de portes autom\u00e0tiques. El nostre cat\u00e0leg inclou una \u00e0mplia varietat d&#8217;opcions, com portes autom\u00e0tiques, enrotllables, basculants, per als vianants i moltes m\u00e9s. Cadascuna de les nostres portes es fabrica amb precisi\u00f3 i utilitzant materials d&#8217;alta qualitat [&hellip;]<\/p>\n","protected":false},"author":1,"featured_media":0,"parent":0,"menu_order":0,"comment_status":"closed","ping_status":"closed","template":"","meta":{"footnotes":""},"class_list":["post-8297","page","type-page","status-publish","hentry"],"yoast_head":"<!-- This site is optimized with the Yoast SEO Premium plugin v26.3 (Yoast SEO v27.5) - https:\/\/yoast.com\/product\/yoast-seo-premium-wordpress\/ -->\n<title>Serveis - Portes Garcia<\/title>\n<meta name=\"robots\" content=\"index, follow, max-snippet:-1, max-image-preview:large, max-video-preview:-1\" \/>\n<link rel=\"canonical\" href=\"https:\/\/portesgarcia.com\/ca\/serveis\/\" \/>\n<meta property=\"og:locale\" content=\"ca_ES\" \/>\n<meta property=\"og:type\" content=\"article\" \/>\n<meta property=\"og:title\" content=\"Serveis\" \/>\n<meta property=\"og:description\" content=\"Els nostres serveis Professionalitat i qualitat 01. Fabricaci\u00f3 A Portes Garc\u00eda, ens especialitzem en la fabricaci\u00f3 de tot tipus de portes autom\u00e0tiques. El nostre cat\u00e0leg inclou una \u00e0mplia varietat d&#8217;opcions, com portes autom\u00e0tiques, enrotllables, basculants, per als vianants i moltes m\u00e9s. Cadascuna de les nostres portes es fabrica amb precisi\u00f3 i utilitzant materials d&#8217;alta qualitat [&hellip;]\" \/>\n<meta property=\"og:url\" content=\"https:\/\/portesgarcia.com\/ca\/serveis\/\" \/>\n<meta property=\"og:site_name\" content=\"Portes Garcia\" \/>\n<meta property=\"article:modified_time\" content=\"2023-07-25T06:25:19+00:00\" \/>\n<meta property=\"og:image\" content=\"https:\/\/portesgarcia.com\/wp-content\/uploads\/2023\/06\/servicios_s1.png\" \/>\n<meta name=\"twitter:card\" content=\"summary_large_image\" \/>\n<meta name=\"twitter:label1\" content=\"Est. reading time\" \/>\n\t<meta name=\"twitter:data1\" content=\"1 minute\" \/>\n<script type=\"application\/ld+json\" class=\"yoast-schema-graph\">{\"@context\":\"https:\\\/\\\/schema.org\",\"@graph\":[{\"@type\":\"WebPage\",\"@id\":\"https:\\\/\\\/portesgarcia.com\\\/ca\\\/serveis\\\/\",\"url\":\"https:\\\/\\\/portesgarcia.com\\\/ca\\\/serveis\\\/\",\"name\":\"Serveis - Portes Garcia\",\"isPartOf\":{\"@id\":\"https:\\\/\\\/portesgarcia.com\\\/ca\\\/#website\"},\"primaryImageOfPage\":{\"@id\":\"https:\\\/\\\/portesgarcia.com\\\/ca\\\/serveis\\\/#primaryimage\"},\"image\":{\"@id\":\"https:\\\/\\\/portesgarcia.com\\\/ca\\\/serveis\\\/#primaryimage\"},\"thumbnailUrl\":\"https:\\\/\\\/portesgarcia.com\\\/wp-content\\\/uploads\\\/2023\\\/06\\\/servicios_s1.png\",\"datePublished\":\"2023-04-14T09:38:47+00:00\",\"dateModified\":\"2023-07-25T06:25:19+00:00\",\"breadcrumb\":{\"@id\":\"https:\\\/\\\/portesgarcia.com\\\/ca\\\/serveis\\\/#breadcrumb\"},\"inLanguage\":\"ca\",\"potentialAction\":[{\"@type\":\"ReadAction\",\"target\":[\"https:\\\/\\\/portesgarcia.com\\\/ca\\\/serveis\\\/\"]}]},{\"@type\":\"ImageObject\",\"inLanguage\":\"ca\",\"@id\":\"https:\\\/\\\/portesgarcia.com\\\/ca\\\/serveis\\\/#primaryimage\",\"url\":\"https:\\\/\\\/portesgarcia.com\\\/wp-content\\\/uploads\\\/2023\\\/06\\\/servicios_s1.png\",\"contentUrl\":\"https:\\\/\\\/portesgarcia.com\\\/wp-content\\\/uploads\\\/2023\\\/06\\\/servicios_s1.png\"},{\"@type\":\"BreadcrumbList\",\"@id\":\"https:\\\/\\\/portesgarcia.com\\\/ca\\\/serveis\\\/#breadcrumb\",\"itemListElement\":[{\"@type\":\"ListItem\",\"position\":1,\"name\":\"Portada\",\"item\":\"https:\\\/\\\/portesgarcia.com\\\/ca\\\/portes-garcia\\\/\"},{\"@type\":\"ListItem\",\"position\":2,\"name\":\"Serveis\"}]},{\"@type\":\"WebSite\",\"@id\":\"https:\\\/\\\/portesgarcia.com\\\/ca\\\/#website\",\"url\":\"https:\\\/\\\/portesgarcia.com\\\/ca\\\/\",\"name\":\"Portes Garcia\",\"description\":\"\",\"publisher\":{\"@id\":\"https:\\\/\\\/portesgarcia.com\\\/ca\\\/#organization\"},\"potentialAction\":[{\"@type\":\"SearchAction\",\"target\":{\"@type\":\"EntryPoint\",\"urlTemplate\":\"https:\\\/\\\/portesgarcia.com\\\/ca\\\/?s={search_term_string}\"},\"query-input\":{\"@type\":\"PropertyValueSpecification\",\"valueRequired\":true,\"valueName\":\"search_term_string\"}}],\"inLanguage\":\"ca\"},{\"@type\":\"Organization\",\"@id\":\"https:\\\/\\\/portesgarcia.com\\\/ca\\\/#organization\",\"name\":\"Portes Garcia\",\"url\":\"https:\\\/\\\/portesgarcia.com\\\/ca\\\/\",\"logo\":{\"@type\":\"ImageObject\",\"inLanguage\":\"ca\",\"@id\":\"https:\\\/\\\/portesgarcia.com\\\/ca\\\/#\\\/schema\\\/logo\\\/image\\\/\",\"url\":\"https:\\\/\\\/portesgarcia.com\\\/wp-content\\\/uploads\\\/2023\\\/06\\\/logo70.png\",\"contentUrl\":\"https:\\\/\\\/portesgarcia.com\\\/wp-content\\\/uploads\\\/2023\\\/06\\\/logo70.png\",\"width\":222,\"height\":70,\"caption\":\"Portes Garcia\"},\"image\":{\"@id\":\"https:\\\/\\\/portesgarcia.com\\\/ca\\\/#\\\/schema\\\/logo\\\/image\\\/\"},\"sameAs\":[\"https:\\\/\\\/instagram.com\\\/portes_garcia\"]}]}<\/script>\n<!-- \/ Yoast SEO Premium plugin. -->","yoast_head_json":{"title":"Serveis - Portes Garcia","robots":{"index":"index","follow":"follow","max-snippet":"max-snippet:-1","max-image-preview":"max-image-preview:large","max-video-preview":"max-video-preview:-1"},"canonical":"https:\/\/portesgarcia.com\/ca\/serveis\/","og_locale":"ca_ES","og_type":"article","og_title":"Serveis","og_description":"Els nostres serveis Professionalitat i qualitat 01. Fabricaci\u00f3 A Portes Garc\u00eda, ens especialitzem en la fabricaci\u00f3 de tot tipus de portes autom\u00e0tiques. El nostre cat\u00e0leg inclou una \u00e0mplia varietat d&#8217;opcions, com portes autom\u00e0tiques, enrotllables, basculants, per als vianants i moltes m\u00e9s. Cadascuna de les nostres portes es fabrica amb precisi\u00f3 i utilitzant materials d&#8217;alta qualitat [&hellip;]","og_url":"https:\/\/portesgarcia.com\/ca\/serveis\/","og_site_name":"Portes Garcia","article_modified_time":"2023-07-25T06:25:19+00:00","og_image":[{"url":"https:\/\/portesgarcia.com\/wp-content\/uploads\/2023\/06\/servicios_s1.png","type":"","width":"","height":""}],"twitter_card":"summary_large_image","twitter_misc":{"Est. reading time":"1 minute"},"schema":{"@context":"https:\/\/schema.org","@graph":[{"@type":"WebPage","@id":"https:\/\/portesgarcia.com\/ca\/serveis\/","url":"https:\/\/portesgarcia.com\/ca\/serveis\/","name":"Serveis - Portes Garcia","isPartOf":{"@id":"https:\/\/portesgarcia.com\/ca\/#website"},"primaryImageOfPage":{"@id":"https:\/\/portesgarcia.com\/ca\/serveis\/#primaryimage"},"image":{"@id":"https:\/\/portesgarcia.com\/ca\/serveis\/#primaryimage"},"thumbnailUrl":"https:\/\/portesgarcia.com\/wp-content\/uploads\/2023\/06\/servicios_s1.png","datePublished":"2023-04-14T09:38:47+00:00","dateModified":"2023-07-25T06:25:19+00:00","breadcrumb":{"@id":"https:\/\/portesgarcia.com\/ca\/serveis\/#breadcrumb"},"inLanguage":"ca","potentialAction":[{"@type":"ReadAction","target":["https:\/\/portesgarcia.com\/ca\/serveis\/"]}]},{"@type":"ImageObject","inLanguage":"ca","@id":"https:\/\/portesgarcia.com\/ca\/serveis\/#primaryimage","url":"https:\/\/portesgarcia.com\/wp-content\/uploads\/2023\/06\/servicios_s1.png","contentUrl":"https:\/\/portesgarcia.com\/wp-content\/uploads\/2023\/06\/servicios_s1.png"},{"@type":"BreadcrumbList","@id":"https:\/\/portesgarcia.com\/ca\/serveis\/#breadcrumb","itemListElement":[{"@type":"ListItem","position":1,"name":"Portada","item":"https:\/\/portesgarcia.com\/ca\/portes-garcia\/"},{"@type":"ListItem","position":2,"name":"Serveis"}]},{"@type":"WebSite","@id":"https:\/\/portesgarcia.com\/ca\/#website","url":"https:\/\/portesgarcia.com\/ca\/","name":"Portes Garcia","description":"","publisher":{"@id":"https:\/\/portesgarcia.com\/ca\/#organization"},"potentialAction":[{"@type":"SearchAction","target":{"@type":"EntryPoint","urlTemplate":"https:\/\/portesgarcia.com\/ca\/?s={search_term_string}"},"query-input":{"@type":"PropertyValueSpecification","valueRequired":true,"valueName":"search_term_string"}}],"inLanguage":"ca"},{"@type":"Organization","@id":"https:\/\/portesgarcia.com\/ca\/#organization","name":"Portes Garcia","url":"https:\/\/portesgarcia.com\/ca\/","logo":{"@type":"ImageObject","inLanguage":"ca","@id":"https:\/\/portesgarcia.com\/ca\/#\/schema\/logo\/image\/","url":"https:\/\/portesgarcia.com\/wp-content\/uploads\/2023\/06\/logo70.png","contentUrl":"https:\/\/portesgarcia.com\/wp-content\/uploads\/2023\/06\/logo70.png","width":222,"height":70,"caption":"Portes Garcia"},"image":{"@id":"https:\/\/portesgarcia.com\/ca\/#\/schema\/logo\/image\/"},"sameAs":["https:\/\/instagram.com\/portes_garcia"]}]}},"_links":{"self":[{"href":"https:\/\/portesgarcia.com\/ca\/wp-json\/wp\/v2\/pages\/8297","targetHints":{"allow":["GET"]}}],"collection":[{"href":"https:\/\/portesgarcia.com\/ca\/wp-json\/wp\/v2\/pages"}],"about":[{"href":"https:\/\/portesgarcia.com\/ca\/wp-json\/wp\/v2\/types\/page"}],"author":[{"embeddable":true,"href":"https:\/\/portesgarcia.com\/ca\/wp-json\/wp\/v2\/users\/1"}],"replies":[{"embeddable":true,"href":"https:\/\/portesgarcia.com\/ca\/wp-json\/wp\/v2\/comments?post=8297"}],"version-history":[{"count":0,"href":"https:\/\/portesgarcia.com\/ca\/wp-json\/wp\/v2\/pages\/8297\/revisions"}],"wp:attachment":[{"href":"https:\/\/portesgarcia.com\/ca\/wp-json\/wp\/v2\/media?parent=8297"}],"curies":[{"name":"wp","href":"https:\/\/api.w.org\/{rel}","templated":true}]}}