{"id":8299,"date":"2023-04-14T11:38:21","date_gmt":"2023-04-14T09:38:21","guid":{"rendered":"https:\/\/portesgarcia.com\/empresa\/"},"modified":"2023-07-25T08:28:05","modified_gmt":"2023-07-25T06:28:05","slug":"empresa","status":"publish","type":"page","link":"https:\/\/portesgarcia.com\/ca\/empresa\/","title":{"rendered":"Empresa"},"content":{"rendered":"\t\t<div data-elementor-type=\"wp-page\" data-elementor-id=\"8299\" class=\"elementor elementor-8299 elementor-1598\" data-elementor-post-type=\"page\">\n\t\t\t\t\t\t<div class=\"elementor-section elementor-top-section elementor-element elementor-element-b72ead8 elementor-section-full_width elementor-section-stretched elementor-section-height-default elementor-section-height-default\" data-id=\"b72ead8\" data-element_type=\"section\" data-e-type=\"section\" data-settings=\"{&quot;stretch_section&quot;:&quot;section-stretched&quot;,&quot;background_background&quot;:&quot;classic&quot;}\">\n\t\t\t\t\t\t\t<div class=\"elementor-background-overlay\"><\/div>\n\t\t\t\t\t\t\t<div class=\"elementor-container elementor-column-gap-default\">\n\t\t\t\t\t<div class=\"elementor-column elementor-col-100 elementor-top-column elementor-element elementor-element-e068a9a\" data-id=\"e068a9a\" data-element_type=\"column\" data-e-type=\"column\">\n\t\t\t<div class=\"elementor-widget-wrap elementor-element-populated\">\n\t\t\t\t\t\t<div class=\"elementor-section elementor-inner-section elementor-element elementor-element-d2ee110 elementor-section-boxed elementor-section-height-default elementor-section-height-default\" data-id=\"d2ee110\" data-element_type=\"section\" data-e-type=\"section\">\n\t\t\t\t\t\t<div class=\"elementor-container elementor-column-gap-default\">\n\t\t\t\t\t<div class=\"elementor-column elementor-col-50 elementor-inner-column elementor-element elementor-element-4ec375a elementor-invisible\" data-id=\"4ec375a\" data-element_type=\"column\" data-e-type=\"column\" data-settings=\"{&quot;animation&quot;:&quot;fadeInLeft&quot;}\">\n\t\t\t<div class=\"elementor-widget-wrap elementor-element-populated\">\n\t\t\t\t\t\t<div class=\"elementor-element elementor-element-8f6b779 elementor-widget elementor-widget-image\" data-id=\"8f6b779\" data-element_type=\"widget\" data-e-type=\"widget\" data-widget_type=\"image.default\">\n\t\t\t\t<div class=\"elementor-widget-container\">\n\t\t\t\t\t\t\t\t\t\t\t\t\t\t\t<img fetchpriority=\"high\" decoding=\"async\" width=\"772\" height=\"843\" src=\"https:\/\/portesgarcia.com\/wp-content\/uploads\/2023\/06\/empresa_desta1.jpg\" class=\"attachment-full size-full wp-image-7273\" alt=\"\" srcset=\"https:\/\/portesgarcia.com\/wp-content\/uploads\/2023\/06\/empresa_desta1.jpg 772w, https:\/\/portesgarcia.com\/wp-content\/uploads\/2023\/06\/empresa_desta1-275x300.jpg 275w, https:\/\/portesgarcia.com\/wp-content\/uploads\/2023\/06\/empresa_desta1-768x839.jpg 768w\" sizes=\"(max-width: 772px) 100vw, 772px\" loading=\"eager\" \/>\t\t\t\t\t\t\t\t\t\t\t\t\t\t\t<\/div>\n\t\t\t\t<\/div>\n\t\t\t\t\t<\/div>\n\t\t<\/div>\n\t\t\t\t<div class=\"elementor-column elementor-col-50 elementor-inner-column elementor-element elementor-element-7b6353e elementor-invisible\" data-id=\"7b6353e\" data-element_type=\"column\" data-e-type=\"column\" data-settings=\"{&quot;animation&quot;:&quot;fadeInRight&quot;}\">\n\t\t\t<div class=\"elementor-widget-wrap elementor-element-populated\">\n\t\t\t\t\t\t<div class=\"elementor-element elementor-element-25fcca0 elementor-widget elementor-widget-heading\" data-id=\"25fcca0\" data-element_type=\"widget\" data-e-type=\"widget\" data-widget_type=\"heading.default\">\n\t\t\t\t<div class=\"elementor-widget-container\">\n\t\t\t\t\t<h6 class=\"elementor-heading-title elementor-size-default\">L'empresa<\/h6>\t\t\t\t<\/div>\n\t\t\t\t<\/div>\n\t\t\t\t<div class=\"elementor-element elementor-element-c8ffca5 elementor-widget elementor-widget-heading\" data-id=\"c8ffca5\" data-element_type=\"widget\" data-e-type=\"widget\" data-widget_type=\"heading.default\">\n\t\t\t\t<div class=\"elementor-widget-container\">\n\t\t\t\t\t<h5 class=\"elementor-heading-title elementor-size-default\">Qui som?<\/h5>\t\t\t\t<\/div>\n\t\t\t\t<\/div>\n\t\t\t\t<div class=\"elementor-element elementor-element-2d6c6fe elementor-widget elementor-widget-text-editor\" data-id=\"2d6c6fe\" data-element_type=\"widget\" data-e-type=\"widget\" data-widget_type=\"text-editor.default\">\n\t\t\t\t<div class=\"elementor-widget-container\">\n\t\t\t\t\t\t\t\t\t<p>Som una empresa especialitzada en la fabricaci\u00f3 i muntatge de portes met\u00e0l\u00b7liques. Amb una experi\u00e8ncia de diverses generacions, comptem amb unes instal\u00b7lacions i un personal altament capacitat que ens permet afrontar tota mena de requeriments t\u00e8cnics i de disseny que puguin sorgir.<\/p>\n<p>A la nostra secci\u00f3 de productes trobar\u00e0s una \u00e0mplia varietat de portes, des d&#8217;autom\u00e0tiques i enrotllables fins a basculants i per als vianants. Cadascuna de les nostres portes est\u00e0 dissenyada amb atenci\u00f3 al detall i utilitzant materials d&#8217;alta qualitat per garantir-ne la durabilitat i funcionalitat.<\/p><\/p>\n\t\t\t\t\t\t\t\t<\/div>\n\t\t\t\t<\/div>\n\t\t\t\t<div class=\"elementor-element elementor-element-5d66bdb elementor-widget__width-inherit elementor-widget-divider--view-line elementor-widget elementor-widget-divider\" data-id=\"5d66bdb\" data-element_type=\"widget\" data-e-type=\"widget\" data-widget_type=\"divider.default\">\n\t\t\t\t<div class=\"elementor-widget-container\">\n\t\t\t\t\t\t\t<div class=\"elementor-divider\">\n\t\t\t<span class=\"elementor-divider-separator\">\n\t\t\t\t\t\t<\/span>\n\t\t<\/div>\n\t\t\t\t\t\t<\/div>\n\t\t\t\t<\/div>\n\t\t\t\t\t<\/div>\n\t\t<\/div>\n\t\t\t\t\t<\/div>\n\t\t<\/div>\n\t\t\t\t<div class=\"elementor-section elementor-inner-section elementor-element elementor-element-a3030e0 elementor-reverse-tablet elementor-reverse-mobile elementor-section-boxed elementor-section-height-default elementor-section-height-default\" data-id=\"a3030e0\" data-element_type=\"section\" data-e-type=\"section\">\n\t\t\t\t\t\t<div class=\"elementor-container elementor-column-gap-default\">\n\t\t\t\t\t<div class=\"elementor-column elementor-col-50 elementor-inner-column elementor-element elementor-element-b798af1 elementor-invisible\" data-id=\"b798af1\" data-element_type=\"column\" data-e-type=\"column\" data-settings=\"{&quot;animation&quot;:&quot;fadeInRight&quot;}\">\n\t\t\t<div class=\"elementor-widget-wrap elementor-element-populated\">\n\t\t\t\t\t\t<div class=\"elementor-element elementor-element-5d9d96a elementor-widget elementor-widget-heading\" data-id=\"5d9d96a\" data-element_type=\"widget\" data-e-type=\"widget\" data-widget_type=\"heading.default\">\n\t\t\t\t<div class=\"elementor-widget-container\">\n\t\t\t\t\t<h5 class=\"elementor-heading-title elementor-size-default\">Fabricaci\u00f3 i manteniment<\/h5>\t\t\t\t<\/div>\n\t\t\t\t<\/div>\n\t\t\t\t<div class=\"elementor-element elementor-element-22cfc38 elementor-widget elementor-widget-text-editor\" data-id=\"22cfc38\" data-element_type=\"widget\" data-e-type=\"widget\" data-widget_type=\"text-editor.default\">\n\t\t\t\t<div class=\"elementor-widget-container\">\n\t\t\t\t\t\t\t\t\t<p>A Portes Garc\u00eda, ens distingim per complir amb la normativa CE a totes les nostres instal\u00b7lacions, brindant als nostres clients la confian\u00e7a que estan adquirint portes que compleixen amb els est\u00e0ndards de qualitat i seguretat m\u00e9s exigents.<\/p>\n<p>A m\u00e9s de la nostra tasca en la fabricaci\u00f3 i muntatge, tamb\u00e9 oferim serveis de manteniment per mantenir les portes en perfectes condicions. El nostre equip de professionals s&#8217;encarrega de realitzar les tasques necess\u00e0ries per garantir el correcte funcionament i perllongar la vida \u00fatil de les portes met\u00e0l\u00b7liques.<\/p>\n\t\t\t\t\t\t\t\t<\/div>\n\t\t\t\t<\/div>\n\t\t\t\t<div class=\"elementor-element elementor-element-b4b6e99 elementor-widget__width-inherit elementor-widget-divider--view-line elementor-widget elementor-widget-divider\" data-id=\"b4b6e99\" data-element_type=\"widget\" data-e-type=\"widget\" data-widget_type=\"divider.default\">\n\t\t\t\t<div class=\"elementor-widget-container\">\n\t\t\t\t\t\t\t<div class=\"elementor-divider\">\n\t\t\t<span class=\"elementor-divider-separator\">\n\t\t\t\t\t\t<\/span>\n\t\t<\/div>\n\t\t\t\t\t\t<\/div>\n\t\t\t\t<\/div>\n\t\t\t\t\t<\/div>\n\t\t<\/div>\n\t\t\t\t<div class=\"elementor-column elementor-col-50 elementor-inner-column elementor-element elementor-element-d784473 elementor-invisible\" data-id=\"d784473\" data-element_type=\"column\" data-e-type=\"column\" data-settings=\"{&quot;animation&quot;:&quot;fadeInLeft&quot;}\">\n\t\t\t<div class=\"elementor-widget-wrap elementor-element-populated\">\n\t\t\t\t\t\t<div class=\"elementor-element elementor-element-e9faf33 elementor-widget elementor-widget-image\" data-id=\"e9faf33\" data-element_type=\"widget\" data-e-type=\"widget\" data-widget_type=\"image.default\">\n\t\t\t\t<div class=\"elementor-widget-container\">\n\t\t\t\t\t\t\t\t\t\t\t\t\t\t\t<img decoding=\"async\" width=\"772\" height=\"843\" src=\"https:\/\/portesgarcia.com\/wp-content\/uploads\/2023\/06\/empresa_desta2.jpg\" class=\"attachment-full size-full wp-image-7274\" alt=\"\" srcset=\"https:\/\/portesgarcia.com\/wp-content\/uploads\/2023\/06\/empresa_desta2.jpg 772w, https:\/\/portesgarcia.com\/wp-content\/uploads\/2023\/06\/empresa_desta2-275x300.jpg 275w, https:\/\/portesgarcia.com\/wp-content\/uploads\/2023\/06\/empresa_desta2-768x839.jpg 768w\" sizes=\"(max-width: 772px) 100vw, 772px\" loading=\"eager\" \/>\t\t\t\t\t\t\t\t\t\t\t\t\t\t\t<\/div>\n\t\t\t\t<\/div>\n\t\t\t\t\t<\/div>\n\t\t<\/div>\n\t\t\t\t\t<\/div>\n\t\t<\/div>\n\t\t\t\t\t<\/div>\n\t\t<\/div>\n\t\t\t\t\t<\/div>\n\t\t<\/div>\n\t\t\t\t<\/div>\n\t\t","protected":false},"excerpt":{"rendered":"<p>L&#8217;empresa Qui som? Som una empresa especialitzada en la fabricaci\u00f3 i muntatge de portes met\u00e0l\u00b7liques. Amb una experi\u00e8ncia de diverses generacions, comptem amb unes instal\u00b7lacions i un personal altament capacitat que ens permet afrontar tota mena de requeriments t\u00e8cnics i de disseny que puguin sorgir. A la nostra secci\u00f3 de productes trobar\u00e0s una \u00e0mplia varietat [&hellip;]<\/p>\n","protected":false},"author":1,"featured_media":0,"parent":0,"menu_order":0,"comment_status":"closed","ping_status":"closed","template":"","meta":{"footnotes":""},"class_list":["post-8299","page","type-page","status-publish","hentry"],"yoast_head":"<!-- This site is optimized with the Yoast SEO Premium plugin v26.3 (Yoast SEO v27.5) - https:\/\/yoast.com\/product\/yoast-seo-premium-wordpress\/ -->\n<title>Empresa - Portes Garcia<\/title>\n<meta name=\"robots\" content=\"index, follow, max-snippet:-1, max-image-preview:large, max-video-preview:-1\" \/>\n<link rel=\"canonical\" href=\"https:\/\/portesgarcia.com\/ca\/empresa\/\" \/>\n<meta property=\"og:locale\" content=\"ca_ES\" \/>\n<meta property=\"og:type\" content=\"article\" \/>\n<meta property=\"og:title\" content=\"Empresa\" \/>\n<meta property=\"og:description\" content=\"L&#8217;empresa Qui som? Som una empresa especialitzada en la fabricaci\u00f3 i muntatge de portes met\u00e0l\u00b7liques. Amb una experi\u00e8ncia de diverses generacions, comptem amb unes instal\u00b7lacions i un personal altament capacitat que ens permet afrontar tota mena de requeriments t\u00e8cnics i de disseny que puguin sorgir. A la nostra secci\u00f3 de productes trobar\u00e0s una \u00e0mplia varietat [&hellip;]\" \/>\n<meta property=\"og:url\" content=\"https:\/\/portesgarcia.com\/ca\/empresa\/\" \/>\n<meta property=\"og:site_name\" content=\"Portes Garcia\" \/>\n<meta property=\"article:modified_time\" content=\"2023-07-25T06:28:05+00:00\" \/>\n<meta property=\"og:image\" content=\"https:\/\/portesgarcia.com\/wp-content\/uploads\/2023\/06\/empresa_desta1.jpg\" \/>\n<meta name=\"twitter:card\" content=\"summary_large_image\" \/>\n<meta name=\"twitter:label1\" content=\"Est. reading time\" \/>\n\t<meta name=\"twitter:data1\" content=\"1 minute\" \/>\n<script type=\"application\/ld+json\" class=\"yoast-schema-graph\">{\"@context\":\"https:\\\/\\\/schema.org\",\"@graph\":[{\"@type\":\"WebPage\",\"@id\":\"https:\\\/\\\/portesgarcia.com\\\/ca\\\/empresa\\\/\",\"url\":\"https:\\\/\\\/portesgarcia.com\\\/ca\\\/empresa\\\/\",\"name\":\"Empresa - Portes Garcia\",\"isPartOf\":{\"@id\":\"https:\\\/\\\/portesgarcia.com\\\/ca\\\/#website\"},\"primaryImageOfPage\":{\"@id\":\"https:\\\/\\\/portesgarcia.com\\\/ca\\\/empresa\\\/#primaryimage\"},\"image\":{\"@id\":\"https:\\\/\\\/portesgarcia.com\\\/ca\\\/empresa\\\/#primaryimage\"},\"thumbnailUrl\":\"https:\\\/\\\/portesgarcia.com\\\/wp-content\\\/uploads\\\/2023\\\/06\\\/empresa_desta1.jpg\",\"datePublished\":\"2023-04-14T09:38:21+00:00\",\"dateModified\":\"2023-07-25T06:28:05+00:00\",\"breadcrumb\":{\"@id\":\"https:\\\/\\\/portesgarcia.com\\\/ca\\\/empresa\\\/#breadcrumb\"},\"inLanguage\":\"ca\",\"potentialAction\":[{\"@type\":\"ReadAction\",\"target\":[\"https:\\\/\\\/portesgarcia.com\\\/ca\\\/empresa\\\/\"]}]},{\"@type\":\"ImageObject\",\"inLanguage\":\"ca\",\"@id\":\"https:\\\/\\\/portesgarcia.com\\\/ca\\\/empresa\\\/#primaryimage\",\"url\":\"https:\\\/\\\/portesgarcia.com\\\/wp-content\\\/uploads\\\/2023\\\/06\\\/empresa_desta1.jpg\",\"contentUrl\":\"https:\\\/\\\/portesgarcia.com\\\/wp-content\\\/uploads\\\/2023\\\/06\\\/empresa_desta1.jpg\"},{\"@type\":\"BreadcrumbList\",\"@id\":\"https:\\\/\\\/portesgarcia.com\\\/ca\\\/empresa\\\/#breadcrumb\",\"itemListElement\":[{\"@type\":\"ListItem\",\"position\":1,\"name\":\"Portada\",\"item\":\"https:\\\/\\\/portesgarcia.com\\\/ca\\\/portes-garcia\\\/\"},{\"@type\":\"ListItem\",\"position\":2,\"name\":\"Empresa\"}]},{\"@type\":\"WebSite\",\"@id\":\"https:\\\/\\\/portesgarcia.com\\\/ca\\\/#website\",\"url\":\"https:\\\/\\\/portesgarcia.com\\\/ca\\\/\",\"name\":\"Portes Garcia\",\"description\":\"\",\"publisher\":{\"@id\":\"https:\\\/\\\/portesgarcia.com\\\/ca\\\/#organization\"},\"potentialAction\":[{\"@type\":\"SearchAction\",\"target\":{\"@type\":\"EntryPoint\",\"urlTemplate\":\"https:\\\/\\\/portesgarcia.com\\\/ca\\\/?s={search_term_string}\"},\"query-input\":{\"@type\":\"PropertyValueSpecification\",\"valueRequired\":true,\"valueName\":\"search_term_string\"}}],\"inLanguage\":\"ca\"},{\"@type\":\"Organization\",\"@id\":\"https:\\\/\\\/portesgarcia.com\\\/ca\\\/#organization\",\"name\":\"Portes Garcia\",\"url\":\"https:\\\/\\\/portesgarcia.com\\\/ca\\\/\",\"logo\":{\"@type\":\"ImageObject\",\"inLanguage\":\"ca\",\"@id\":\"https:\\\/\\\/portesgarcia.com\\\/ca\\\/#\\\/schema\\\/logo\\\/image\\\/\",\"url\":\"https:\\\/\\\/portesgarcia.com\\\/wp-content\\\/uploads\\\/2023\\\/06\\\/logo70.png\",\"contentUrl\":\"https:\\\/\\\/portesgarcia.com\\\/wp-content\\\/uploads\\\/2023\\\/06\\\/logo70.png\",\"width\":222,\"height\":70,\"caption\":\"Portes Garcia\"},\"image\":{\"@id\":\"https:\\\/\\\/portesgarcia.com\\\/ca\\\/#\\\/schema\\\/logo\\\/image\\\/\"},\"sameAs\":[\"https:\\\/\\\/instagram.com\\\/portes_garcia\"]}]}<\/script>\n<!-- \/ Yoast SEO Premium plugin. -->","yoast_head_json":{"title":"Empresa - Portes Garcia","robots":{"index":"index","follow":"follow","max-snippet":"max-snippet:-1","max-image-preview":"max-image-preview:large","max-video-preview":"max-video-preview:-1"},"canonical":"https:\/\/portesgarcia.com\/ca\/empresa\/","og_locale":"ca_ES","og_type":"article","og_title":"Empresa","og_description":"L&#8217;empresa Qui som? Som una empresa especialitzada en la fabricaci\u00f3 i muntatge de portes met\u00e0l\u00b7liques. Amb una experi\u00e8ncia de diverses generacions, comptem amb unes instal\u00b7lacions i un personal altament capacitat que ens permet afrontar tota mena de requeriments t\u00e8cnics i de disseny que puguin sorgir. A la nostra secci\u00f3 de productes trobar\u00e0s una \u00e0mplia varietat [&hellip;]","og_url":"https:\/\/portesgarcia.com\/ca\/empresa\/","og_site_name":"Portes Garcia","article_modified_time":"2023-07-25T06:28:05+00:00","og_image":[{"url":"https:\/\/portesgarcia.com\/wp-content\/uploads\/2023\/06\/empresa_desta1.jpg","type":"","width":"","height":""}],"twitter_card":"summary_large_image","twitter_misc":{"Est. reading time":"1 minute"},"schema":{"@context":"https:\/\/schema.org","@graph":[{"@type":"WebPage","@id":"https:\/\/portesgarcia.com\/ca\/empresa\/","url":"https:\/\/portesgarcia.com\/ca\/empresa\/","name":"Empresa - Portes Garcia","isPartOf":{"@id":"https:\/\/portesgarcia.com\/ca\/#website"},"primaryImageOfPage":{"@id":"https:\/\/portesgarcia.com\/ca\/empresa\/#primaryimage"},"image":{"@id":"https:\/\/portesgarcia.com\/ca\/empresa\/#primaryimage"},"thumbnailUrl":"https:\/\/portesgarcia.com\/wp-content\/uploads\/2023\/06\/empresa_desta1.jpg","datePublished":"2023-04-14T09:38:21+00:00","dateModified":"2023-07-25T06:28:05+00:00","breadcrumb":{"@id":"https:\/\/portesgarcia.com\/ca\/empresa\/#breadcrumb"},"inLanguage":"ca","potentialAction":[{"@type":"ReadAction","target":["https:\/\/portesgarcia.com\/ca\/empresa\/"]}]},{"@type":"ImageObject","inLanguage":"ca","@id":"https:\/\/portesgarcia.com\/ca\/empresa\/#primaryimage","url":"https:\/\/portesgarcia.com\/wp-content\/uploads\/2023\/06\/empresa_desta1.jpg","contentUrl":"https:\/\/portesgarcia.com\/wp-content\/uploads\/2023\/06\/empresa_desta1.jpg"},{"@type":"BreadcrumbList","@id":"https:\/\/portesgarcia.com\/ca\/empresa\/#breadcrumb","itemListElement":[{"@type":"ListItem","position":1,"name":"Portada","item":"https:\/\/portesgarcia.com\/ca\/portes-garcia\/"},{"@type":"ListItem","position":2,"name":"Empresa"}]},{"@type":"WebSite","@id":"https:\/\/portesgarcia.com\/ca\/#website","url":"https:\/\/portesgarcia.com\/ca\/","name":"Portes Garcia","description":"","publisher":{"@id":"https:\/\/portesgarcia.com\/ca\/#organization"},"potentialAction":[{"@type":"SearchAction","target":{"@type":"EntryPoint","urlTemplate":"https:\/\/portesgarcia.com\/ca\/?s={search_term_string}"},"query-input":{"@type":"PropertyValueSpecification","valueRequired":true,"valueName":"search_term_string"}}],"inLanguage":"ca"},{"@type":"Organization","@id":"https:\/\/portesgarcia.com\/ca\/#organization","name":"Portes Garcia","url":"https:\/\/portesgarcia.com\/ca\/","logo":{"@type":"ImageObject","inLanguage":"ca","@id":"https:\/\/portesgarcia.com\/ca\/#\/schema\/logo\/image\/","url":"https:\/\/portesgarcia.com\/wp-content\/uploads\/2023\/06\/logo70.png","contentUrl":"https:\/\/portesgarcia.com\/wp-content\/uploads\/2023\/06\/logo70.png","width":222,"height":70,"caption":"Portes Garcia"},"image":{"@id":"https:\/\/portesgarcia.com\/ca\/#\/schema\/logo\/image\/"},"sameAs":["https:\/\/instagram.com\/portes_garcia"]}]}},"_links":{"self":[{"href":"https:\/\/portesgarcia.com\/ca\/wp-json\/wp\/v2\/pages\/8299","targetHints":{"allow":["GET"]}}],"collection":[{"href":"https:\/\/portesgarcia.com\/ca\/wp-json\/wp\/v2\/pages"}],"about":[{"href":"https:\/\/portesgarcia.com\/ca\/wp-json\/wp\/v2\/types\/page"}],"author":[{"embeddable":true,"href":"https:\/\/portesgarcia.com\/ca\/wp-json\/wp\/v2\/users\/1"}],"replies":[{"embeddable":true,"href":"https:\/\/portesgarcia.com\/ca\/wp-json\/wp\/v2\/comments?post=8299"}],"version-history":[{"count":0,"href":"https:\/\/portesgarcia.com\/ca\/wp-json\/wp\/v2\/pages\/8299\/revisions"}],"wp:attachment":[{"href":"https:\/\/portesgarcia.com\/ca\/wp-json\/wp\/v2\/media?parent=8299"}],"curies":[{"name":"wp","href":"https:\/\/api.w.org\/{rel}","templated":true}]}}