{"id":8368,"date":"2023-07-03T10:55:56","date_gmt":"2023-07-03T08:55:56","guid":{"rendered":"https:\/\/portesgarcia.com\/rf-60\/"},"modified":"2023-07-26T12:59:09","modified_gmt":"2023-07-26T10:59:09","slug":"rf-60","status":"publish","type":"page","link":"https:\/\/portesgarcia.com\/ca\/rf-60\/","title":{"rendered":"RF 60"},"content":{"rendered":"\t\t<div data-elementor-type=\"wp-page\" data-elementor-id=\"8368\" class=\"elementor elementor-8368 elementor-6585\" data-elementor-post-type=\"page\">\n\t\t\t\t\t\t<div class=\"elementor-section elementor-top-section elementor-element elementor-element-a66ed14 elementor-section-stretched elementor-reverse-tablet elementor-reverse-mobile elementor-section-full_width elementor-section-height-default elementor-section-height-default\" data-id=\"a66ed14\" data-element_type=\"section\" data-e-type=\"section\" data-settings=\"{&quot;stretch_section&quot;:&quot;section-stretched&quot;}\">\n\t\t\t\t\t\t<div class=\"elementor-container elementor-column-gap-default\">\n\t\t\t\t\t<div class=\"elementor-column elementor-col-33 elementor-top-column elementor-element elementor-element-e663b86\" data-id=\"e663b86\" data-element_type=\"column\" data-e-type=\"column\">\n\t\t\t<div class=\"elementor-widget-wrap elementor-element-populated\">\n\t\t\t\t\t\t<div class=\"elementor-element elementor-element-eec46b5 elementor-widget elementor-widget-sidebar\" data-id=\"eec46b5\" data-element_type=\"widget\" data-e-type=\"widget\" data-widget_type=\"sidebar.default\">\n\t\t\t\t<div class=\"elementor-widget-container\">\n\t\t\t\t\t<div class=\"widget\"><div class=\"menu-service-menu-catalan-container\"><ul id=\"menu-service-menu-catalan\" class=\"menu\"><li id=\"menu-item-8466\" class=\"menu-item menu-item-type-custom menu-item-object-custom menu-item-has-children dropdown menu-item-8466\"><a>Enrotllables<\/a>\n<ul class=\"sub-menu\">\n\t<li id=\"menu-item-8467\" class=\"menu-item menu-item-type-post_type menu-item-object-page menu-item-8467\"><a href=\"https:\/\/portesgarcia.com\/ca\/enrotllables-alumini\/\">Enrotllables alumini<\/a><\/li>\n\t<li id=\"menu-item-8468\" class=\"menu-item menu-item-type-post_type menu-item-object-page menu-item-8468\"><a href=\"https:\/\/portesgarcia.com\/ca\/enrotllables-metallica\/\">Enrotllables met\u00e0l\u00b7lica<\/a><\/li>\n<\/ul>\n<\/li>\n<li id=\"menu-item-8469\" class=\"menu-item menu-item-type-custom menu-item-object-custom menu-item-has-children dropdown menu-item-8469\"><a>Basculants<\/a>\n<ul class=\"sub-menu\">\n\t<li id=\"menu-item-8470\" class=\"menu-item menu-item-type-post_type menu-item-object-page menu-item-8470\"><a href=\"https:\/\/portesgarcia.com\/ca\/basculants-alumini\/\">Basculants alumini<\/a><\/li>\n\t<li id=\"menu-item-8471\" class=\"menu-item menu-item-type-post_type menu-item-object-page menu-item-8471\"><a href=\"https:\/\/portesgarcia.com\/ca\/basculants-disseny\/\">Basculants disseny<\/a><\/li>\n\t<li id=\"menu-item-8472\" class=\"menu-item menu-item-type-post_type menu-item-object-page menu-item-8472\"><a href=\"https:\/\/portesgarcia.com\/ca\/entrada-finques\/\">Entrada finques<\/a><\/li>\n\t<li id=\"menu-item-8473\" class=\"menu-item menu-item-type-post_type menu-item-object-page menu-item-8473\"><a href=\"https:\/\/portesgarcia.com\/ca\/basculants-ferro-i-vidre\/\">Basculants ferro i vidre<\/a><\/li>\n\t<li id=\"menu-item-8474\" class=\"menu-item menu-item-type-post_type menu-item-object-page menu-item-8474\"><a href=\"https:\/\/portesgarcia.com\/ca\/basculants-mixta-fusta\/\">Basculants mixta fusta<\/a><\/li>\n\t<li id=\"menu-item-8475\" class=\"menu-item menu-item-type-post_type menu-item-object-page menu-item-8475\"><a href=\"https:\/\/portesgarcia.com\/ca\/basculants-normals\/\">Basculants normals<\/a><\/li>\n\t<li id=\"menu-item-8476\" class=\"menu-item menu-item-type-post_type menu-item-object-page menu-item-8476\"><a href=\"https:\/\/portesgarcia.com\/ca\/basculants-de-vianants-incorporada\/\">Basculants de vianants incorporada<\/a><\/li>\n\t<li id=\"menu-item-8477\" class=\"menu-item menu-item-type-post_type menu-item-object-page menu-item-8477\"><a href=\"https:\/\/portesgarcia.com\/ca\/basculants-ventilacio\/\">Basculants ventilaci\u00f3<\/a><\/li>\n\t<li id=\"menu-item-8478\" class=\"menu-item menu-item-type-post_type menu-item-object-page menu-item-8478\"><a href=\"https:\/\/portesgarcia.com\/ca\/basculants-xapa-llisa\/\">Basculants xapa llisa<\/a><\/li>\n<\/ul>\n<\/li>\n<li id=\"menu-item-8480\" class=\"menu-item menu-item-type-custom menu-item-object-custom menu-item-has-children dropdown menu-item-8480\"><a>Cancel\u00b7les<\/a>\n<ul class=\"sub-menu\">\n\t<li id=\"menu-item-8481\" class=\"menu-item menu-item-type-post_type menu-item-object-page menu-item-8481\"><a href=\"https:\/\/portesgarcia.com\/ca\/cancelles-alumini\/\">Cancel\u00b7les alumini<\/a><\/li>\n\t<li id=\"menu-item-8482\" class=\"menu-item menu-item-type-post_type menu-item-object-page menu-item-8482\"><a href=\"https:\/\/portesgarcia.com\/ca\/cancelles-mixtes\/\">Cancel\u00b7les mixtes<\/a><\/li>\n\t<li id=\"menu-item-8483\" class=\"menu-item menu-item-type-post_type menu-item-object-page menu-item-8483\"><a href=\"https:\/\/portesgarcia.com\/ca\/cancelles-conjunt\/\">Cancel\u00b7les conjunt<\/a><\/li>\n\t<li id=\"menu-item-8484\" class=\"menu-item menu-item-type-post_type menu-item-object-page menu-item-8484\"><a href=\"https:\/\/portesgarcia.com\/ca\/cancelles-corten\/\">Cancel\u00b7les corten<\/a><\/li>\n\t<li id=\"menu-item-8485\" class=\"menu-item menu-item-type-post_type menu-item-object-page menu-item-8485\"><a href=\"https:\/\/portesgarcia.com\/ca\/cancelles-disseny\/\">Cancel\u00b7les disseny<\/a><\/li>\n\t<li id=\"menu-item-8486\" class=\"menu-item menu-item-type-post_type menu-item-object-page menu-item-8486\"><a href=\"https:\/\/portesgarcia.com\/ca\/cancelles-encadellades\/\">Cancel\u00b7les encadellades<\/a><\/li>\n\t<li id=\"menu-item-8487\" class=\"menu-item menu-item-type-post_type menu-item-object-page menu-item-8487\"><a href=\"https:\/\/portesgarcia.com\/ca\/cancelles-industrials\/\">Cancel\u00b7les industrials<\/a><\/li>\n\t<li id=\"menu-item-8488\" class=\"menu-item menu-item-type-post_type menu-item-object-page menu-item-8488\"><a href=\"https:\/\/portesgarcia.com\/ca\/cancelles-lama-z\/\">Cancel\u00b7les Lama Z<\/a><\/li>\n\t<li id=\"menu-item-8489\" class=\"menu-item menu-item-type-post_type menu-item-object-page menu-item-8489\"><a href=\"https:\/\/portesgarcia.com\/ca\/cancelles-perforades-2\/\">Cancel\u00b7les perforades<\/a><\/li>\n\t<li id=\"menu-item-8490\" class=\"menu-item menu-item-type-post_type menu-item-object-page menu-item-8490\"><a href=\"https:\/\/portesgarcia.com\/ca\/cancelles-quarterons\/\">Cancel\u00b7les quarterons<\/a><\/li>\n\t<li id=\"menu-item-8491\" class=\"menu-item menu-item-type-post_type menu-item-object-page menu-item-8491\"><a href=\"https:\/\/portesgarcia.com\/ca\/cancelles-safates\/\">Cancel\u00b7les safates<\/a><\/li>\n\t<li id=\"menu-item-8492\" class=\"menu-item menu-item-type-post_type menu-item-object-page menu-item-8492\"><a href=\"https:\/\/portesgarcia.com\/ca\/cancelles-tubs\/\">Cancel\u00b7les tubs<\/a><\/li>\n<\/ul>\n<\/li>\n<li id=\"menu-item-8498\" class=\"menu-item menu-item-type-custom menu-item-object-custom menu-item-has-children dropdown menu-item-8498\"><a>Peatonals<\/a>\n<ul class=\"sub-menu\">\n\t<li id=\"menu-item-8499\" class=\"menu-item menu-item-type-post_type menu-item-object-page menu-item-8499\"><a href=\"https:\/\/portesgarcia.com\/ca\/peatonals-casa\/\">Peatonals casa<\/a><\/li>\n\t<li id=\"menu-item-8500\" class=\"menu-item menu-item-type-post_type menu-item-object-page menu-item-8500\"><a href=\"https:\/\/portesgarcia.com\/ca\/peatonals-comunitats\/\">Peatonals comunitats<\/a><\/li>\n\t<li id=\"menu-item-8501\" class=\"menu-item menu-item-type-post_type menu-item-object-page menu-item-8501\"><a href=\"https:\/\/portesgarcia.com\/ca\/peatonals-exterior\/\">Peatonals exterior<\/a><\/li>\n<\/ul>\n<\/li>\n<li id=\"menu-item-8503\" class=\"menu-item menu-item-type-custom menu-item-object-custom menu-item-has-children dropdown menu-item-8503\"><a>Motors<\/a>\n<ul class=\"sub-menu\">\n\t<li id=\"menu-item-8504\" class=\"menu-item menu-item-type-post_type menu-item-object-page menu-item-8504\"><a href=\"https:\/\/portesgarcia.com\/ca\/motors-basculants\/\">Motors basculants<\/a><\/li>\n\t<li id=\"menu-item-8505\" class=\"menu-item menu-item-type-post_type menu-item-object-page menu-item-8505\"><a href=\"https:\/\/portesgarcia.com\/ca\/motors-batens\/\">Motors batens<\/a><\/li>\n\t<li id=\"menu-item-8506\" class=\"menu-item menu-item-type-post_type menu-item-object-page menu-item-8506\"><a href=\"https:\/\/portesgarcia.com\/ca\/motors-correders\/\">Motors correders<\/a><\/li>\n\t<li id=\"menu-item-8507\" class=\"menu-item menu-item-type-post_type menu-item-object-page menu-item-8507\"><a href=\"https:\/\/portesgarcia.com\/ca\/motors-izar\/\">Motors Izar<\/a><\/li>\n\t<li id=\"menu-item-8508\" class=\"menu-item menu-item-type-post_type menu-item-object-page menu-item-8508\"><a href=\"https:\/\/portesgarcia.com\/ca\/motors-enrotllables\/\">Motors enrotllables<\/a><\/li>\n\t<li id=\"menu-item-8509\" class=\"menu-item menu-item-type-post_type menu-item-object-page menu-item-8509\"><a href=\"https:\/\/portesgarcia.com\/ca\/motors-seccionals\/\">Motors seccionals<\/a><\/li>\n<\/ul>\n<\/li>\n<li id=\"menu-item-8479\" class=\"menu-item menu-item-type-post_type menu-item-object-page menu-item-8479\"><a href=\"https:\/\/portesgarcia.com\/ca\/ballesta\/\">Ballesta<\/a><\/li>\n<li id=\"menu-item-8493\" class=\"menu-item menu-item-type-post_type menu-item-object-page menu-item-8493\"><a href=\"https:\/\/portesgarcia.com\/ca\/seccionals\/\">Seccionals<\/a><\/li>\n<li id=\"menu-item-8494\" class=\"menu-item menu-item-type-post_type menu-item-object-page menu-item-8494\"><a href=\"https:\/\/portesgarcia.com\/ca\/especials\/\">Especials<\/a><\/li>\n<li id=\"menu-item-8495\" class=\"menu-item menu-item-type-post_type menu-item-object-page menu-item-8495\"><a href=\"https:\/\/portesgarcia.com\/ca\/barreres\/\">Barreres<\/a><\/li>\n<li id=\"menu-item-8496\" class=\"menu-item menu-item-type-post_type menu-item-object-page menu-item-8496\"><a href=\"https:\/\/portesgarcia.com\/ca\/vidre\/\">Vidre<\/a><\/li>\n<li id=\"menu-item-8497\" class=\"menu-item menu-item-type-post_type menu-item-object-page menu-item-8497\"><a href=\"https:\/\/portesgarcia.com\/ca\/rapides\/\">R\u00e0pides<\/a><\/li>\n<li id=\"menu-item-8502\" class=\"menu-item menu-item-type-post_type menu-item-object-page menu-item-8502\"><a href=\"https:\/\/portesgarcia.com\/ca\/rf-60\/\">RF 60<\/a><\/li>\n<li id=\"menu-item-8510\" class=\"menu-item menu-item-type-custom menu-item-object-custom menu-item-has-children dropdown menu-item-8510\"><a>Accesoris<\/a>\n<ul class=\"sub-menu\">\n\t<li id=\"menu-item-8511\" class=\"menu-item menu-item-type-post_type menu-item-object-page menu-item-8511\"><a href=\"https:\/\/portesgarcia.com\/ca\/accessoris-electrics\/\">Accessoris el\u00e8ctrics<\/a><\/li>\n\t<li id=\"menu-item-8512\" class=\"menu-item menu-item-type-post_type menu-item-object-page menu-item-8512\"><a href=\"https:\/\/portesgarcia.com\/ca\/accessoris-manuals\/\">Accessoris manuals<\/a><\/li>\n<\/ul>\n<\/li>\n<\/ul><\/div><\/div><div class=\"widget\">\n<div class=\"wp-block-buttons is-layout-flex wp-block-buttons-is-layout-flex\"><\/div>\n<\/div>\t\t\t\t<\/div>\n\t\t\t\t<\/div>\n\t\t\t\t\t<\/div>\n\t\t<\/div>\n\t\t\t\t<div class=\"elementor-column elementor-col-66 elementor-top-column elementor-element elementor-element-c110e19\" data-id=\"c110e19\" data-element_type=\"column\" data-e-type=\"column\">\n\t\t\t<div class=\"elementor-widget-wrap elementor-element-populated\">\n\t\t\t\t\t\t<div class=\"elementor-element elementor-element-afb93e1 elementor-widget elementor-widget-heading\" data-id=\"afb93e1\" data-element_type=\"widget\" data-e-type=\"widget\" data-widget_type=\"heading.default\">\n\t\t\t\t<div class=\"elementor-widget-container\">\n\t\t\t\t\t<h2 class=\"elementor-heading-title elementor-size-default\">RF 60<\/h2>\t\t\t\t<\/div>\n\t\t\t\t<\/div>\n\t\t\t\t<div class=\"elementor-element elementor-element-efd7304 elementor-widget elementor-widget-text-editor\" data-id=\"efd7304\" data-element_type=\"widget\" data-e-type=\"widget\" data-widget_type=\"text-editor.default\">\n\t\t\t\t<div class=\"elementor-widget-container\">\n\t\t\t\t\t\t\t\t\t<div class=\"flex flex-grow flex-col gap-3\">\n<div class=\"min-h-[20px] flex items-start overflow-x-auto whitespace-pre-wrap break-words flex-col gap-4\">\n<div class=\"markdown prose w-full break-words dark:prose-invert light\">\n<p>A Portes Garc\u00eda, ens adaptem a tot tipus de requeriments t\u00e8cnics i de disseny. Estem aqu\u00ed per escoltar les teves necessitats, aix\u00ed que no dubtis a contactar-nos i enviar-nos els teus requeriments espec\u00edfics.<\/p>\n<p>A m\u00e9s, treballem amb una \u00e0mplia varietat de materials, sempre complint la normativa CE. Pots confiar que les nostres portes met\u00e0l\u00b7liques estan fabricades amb materials de qualitat i estan de conformitat amb els est\u00e0ndards de seguretat m\u00e9s exigents.<\/p>\n<\/div>\n<\/div>\n<\/div>\n\t\t\t\t\t\t\t\t<\/div>\n\t\t\t\t<\/div>\n\t\t\t\t<section class=\"elementor-section elementor-inner-section elementor-element elementor-element-19ff0c5 elementor-section-full_width elementor-section-height-default elementor-section-height-default\" data-id=\"19ff0c5\" data-element_type=\"section\" data-e-type=\"section\">\n\t\t\t\t\t\t<div class=\"elementor-container elementor-column-gap-default\">\n\t\t\t\t\t<div class=\"elementor-column elementor-col-33 elementor-inner-column elementor-element elementor-element-ac462dd\" data-id=\"ac462dd\" data-element_type=\"column\" data-e-type=\"column\">\n\t\t\t<div class=\"elementor-widget-wrap elementor-element-populated\">\n\t\t\t\t\t\t<div class=\"elementor-element elementor-element-6e35a54 elementor-position-top elementor-widget elementor-widget-image-box\" data-id=\"6e35a54\" data-element_type=\"widget\" data-e-type=\"widget\" data-widget_type=\"image-box.default\">\n\t\t\t\t<div class=\"elementor-widget-container\">\n\t\t\t\t\t<div class=\"elementor-image-box-wrapper\"><figure class=\"elementor-image-box-img\"><img fetchpriority=\"high\" decoding=\"async\" width=\"581\" height=\"800\" src=\"https:\/\/portesgarcia.com\/wp-content\/uploads\/2023\/07\/rf_60_001-copia.jpg\" class=\"attachment-full size-full wp-image-6587\" alt=\"\" loading=\"eager\" srcset=\"https:\/\/portesgarcia.com\/wp-content\/uploads\/2023\/07\/rf_60_001-copia.jpg 581w, https:\/\/portesgarcia.com\/wp-content\/uploads\/2023\/07\/rf_60_001-copia-218x300.jpg 218w\" sizes=\"(max-width: 581px) 100vw, 581px\" \/><\/figure><\/div>\t\t\t\t<\/div>\n\t\t\t\t<\/div>\n\t\t\t\t\t<\/div>\n\t\t<\/div>\n\t\t\t\t<div class=\"elementor-column elementor-col-33 elementor-inner-column elementor-element elementor-element-2278c7c\" data-id=\"2278c7c\" data-element_type=\"column\" data-e-type=\"column\">\n\t\t\t<div class=\"elementor-widget-wrap elementor-element-populated\">\n\t\t\t\t\t\t<div class=\"elementor-element elementor-element-85d6284 elementor-position-top elementor-widget elementor-widget-image-box\" data-id=\"85d6284\" data-element_type=\"widget\" data-e-type=\"widget\" data-widget_type=\"image-box.default\">\n\t\t\t\t<div class=\"elementor-widget-container\">\n\t\t\t\t\t<div class=\"elementor-image-box-wrapper\"><figure class=\"elementor-image-box-img\"><img decoding=\"async\" width=\"671\" height=\"800\" src=\"https:\/\/portesgarcia.com\/wp-content\/uploads\/2023\/07\/rf_60_002.jpg\" class=\"attachment-full size-full wp-image-6588\" alt=\"\" loading=\"eager\" srcset=\"https:\/\/portesgarcia.com\/wp-content\/uploads\/2023\/07\/rf_60_002.jpg 671w, https:\/\/portesgarcia.com\/wp-content\/uploads\/2023\/07\/rf_60_002-252x300.jpg 252w\" sizes=\"(max-width: 671px) 100vw, 671px\" \/><\/figure><\/div>\t\t\t\t<\/div>\n\t\t\t\t<\/div>\n\t\t\t\t\t<\/div>\n\t\t<\/div>\n\t\t\t\t<div class=\"elementor-column elementor-col-33 elementor-inner-column elementor-element elementor-element-65dec98\" data-id=\"65dec98\" data-element_type=\"column\" data-e-type=\"column\">\n\t\t\t<div class=\"elementor-widget-wrap\">\n\t\t\t\t\t\t\t<\/div>\n\t\t<\/div>\n\t\t\t\t\t<\/div>\n\t\t<\/section>\n\t\t\t\t\t<\/div>\n\t\t<\/div>\n\t\t\t\t\t<\/div>\n\t\t<\/div>\n\t\t\t\t<\/div>\n\t\t","protected":false},"excerpt":{"rendered":"<p>RF 60 A Portes Garc\u00eda, ens adaptem a tot tipus de requeriments t\u00e8cnics i de disseny. Estem aqu\u00ed per escoltar les teves necessitats, aix\u00ed que no dubtis a contactar-nos i enviar-nos els teus requeriments espec\u00edfics. A m\u00e9s, treballem amb una \u00e0mplia varietat de materials, sempre complint la normativa CE. Pots confiar que les nostres portes [&hellip;]<\/p>\n","protected":false},"author":2,"featured_media":0,"parent":0,"menu_order":0,"comment_status":"closed","ping_status":"closed","template":"","meta":{"footnotes":""},"class_list":["post-8368","page","type-page","status-publish","hentry"],"yoast_head":"<!-- This site is optimized with the Yoast SEO Premium plugin v26.3 (Yoast SEO v27.4) - https:\/\/yoast.com\/product\/yoast-seo-premium-wordpress\/ -->\n<title>RF 60 - Portes Garcia<\/title>\n<meta name=\"robots\" content=\"index, follow, max-snippet:-1, max-image-preview:large, max-video-preview:-1\" \/>\n<link rel=\"canonical\" href=\"https:\/\/portesgarcia.com\/ca\/rf-60\/\" \/>\n<meta property=\"og:locale\" content=\"ca_ES\" \/>\n<meta property=\"og:type\" content=\"article\" \/>\n<meta property=\"og:title\" content=\"RF 60\" \/>\n<meta property=\"og:description\" content=\"RF 60 A Portes Garc\u00eda, ens adaptem a tot tipus de requeriments t\u00e8cnics i de disseny. Estem aqu\u00ed per escoltar les teves necessitats, aix\u00ed que no dubtis a contactar-nos i enviar-nos els teus requeriments espec\u00edfics. A m\u00e9s, treballem amb una \u00e0mplia varietat de materials, sempre complint la normativa CE. Pots confiar que les nostres portes [&hellip;]\" \/>\n<meta property=\"og:url\" content=\"https:\/\/portesgarcia.com\/ca\/rf-60\/\" \/>\n<meta property=\"og:site_name\" content=\"Portes Garcia\" \/>\n<meta property=\"article:modified_time\" content=\"2023-07-26T10:59:09+00:00\" \/>\n<meta property=\"og:image\" content=\"https:\/\/portesgarcia.com\/wp-content\/uploads\/2023\/07\/rf_60_001-copia.jpg\" \/>\n<meta name=\"twitter:card\" content=\"summary_large_image\" \/>\n<script type=\"application\/ld+json\" class=\"yoast-schema-graph\">{\"@context\":\"https:\\\/\\\/schema.org\",\"@graph\":[{\"@type\":\"WebPage\",\"@id\":\"https:\\\/\\\/portesgarcia.com\\\/ca\\\/rf-60\\\/\",\"url\":\"https:\\\/\\\/portesgarcia.com\\\/ca\\\/rf-60\\\/\",\"name\":\"RF 60 - Portes Garcia\",\"isPartOf\":{\"@id\":\"https:\\\/\\\/portesgarcia.com\\\/ca\\\/#website\"},\"primaryImageOfPage\":{\"@id\":\"https:\\\/\\\/portesgarcia.com\\\/ca\\\/rf-60\\\/#primaryimage\"},\"image\":{\"@id\":\"https:\\\/\\\/portesgarcia.com\\\/ca\\\/rf-60\\\/#primaryimage\"},\"thumbnailUrl\":\"https:\\\/\\\/portesgarcia.com\\\/wp-content\\\/uploads\\\/2023\\\/07\\\/rf_60_001-copia.jpg\",\"datePublished\":\"2023-07-03T08:55:56+00:00\",\"dateModified\":\"2023-07-26T10:59:09+00:00\",\"breadcrumb\":{\"@id\":\"https:\\\/\\\/portesgarcia.com\\\/ca\\\/rf-60\\\/#breadcrumb\"},\"inLanguage\":\"ca\",\"potentialAction\":[{\"@type\":\"ReadAction\",\"target\":[\"https:\\\/\\\/portesgarcia.com\\\/ca\\\/rf-60\\\/\"]}]},{\"@type\":\"ImageObject\",\"inLanguage\":\"ca\",\"@id\":\"https:\\\/\\\/portesgarcia.com\\\/ca\\\/rf-60\\\/#primaryimage\",\"url\":\"https:\\\/\\\/portesgarcia.com\\\/wp-content\\\/uploads\\\/2023\\\/07\\\/rf_60_001-copia.jpg\",\"contentUrl\":\"https:\\\/\\\/portesgarcia.com\\\/wp-content\\\/uploads\\\/2023\\\/07\\\/rf_60_001-copia.jpg\"},{\"@type\":\"BreadcrumbList\",\"@id\":\"https:\\\/\\\/portesgarcia.com\\\/ca\\\/rf-60\\\/#breadcrumb\",\"itemListElement\":[{\"@type\":\"ListItem\",\"position\":1,\"name\":\"Portada\",\"item\":\"https:\\\/\\\/portesgarcia.com\\\/ca\\\/portes-garcia\\\/\"},{\"@type\":\"ListItem\",\"position\":2,\"name\":\"RF 60\"}]},{\"@type\":\"WebSite\",\"@id\":\"https:\\\/\\\/portesgarcia.com\\\/ca\\\/#website\",\"url\":\"https:\\\/\\\/portesgarcia.com\\\/ca\\\/\",\"name\":\"Portes Garcia\",\"description\":\"\",\"publisher\":{\"@id\":\"https:\\\/\\\/portesgarcia.com\\\/ca\\\/#organization\"},\"potentialAction\":[{\"@type\":\"SearchAction\",\"target\":{\"@type\":\"EntryPoint\",\"urlTemplate\":\"https:\\\/\\\/portesgarcia.com\\\/ca\\\/?s={search_term_string}\"},\"query-input\":{\"@type\":\"PropertyValueSpecification\",\"valueRequired\":true,\"valueName\":\"search_term_string\"}}],\"inLanguage\":\"ca\"},{\"@type\":\"Organization\",\"@id\":\"https:\\\/\\\/portesgarcia.com\\\/ca\\\/#organization\",\"name\":\"Portes Garcia\",\"url\":\"https:\\\/\\\/portesgarcia.com\\\/ca\\\/\",\"logo\":{\"@type\":\"ImageObject\",\"inLanguage\":\"ca\",\"@id\":\"https:\\\/\\\/portesgarcia.com\\\/ca\\\/#\\\/schema\\\/logo\\\/image\\\/\",\"url\":\"https:\\\/\\\/portesgarcia.com\\\/wp-content\\\/uploads\\\/2023\\\/06\\\/logo70.png\",\"contentUrl\":\"https:\\\/\\\/portesgarcia.com\\\/wp-content\\\/uploads\\\/2023\\\/06\\\/logo70.png\",\"width\":222,\"height\":70,\"caption\":\"Portes Garcia\"},\"image\":{\"@id\":\"https:\\\/\\\/portesgarcia.com\\\/ca\\\/#\\\/schema\\\/logo\\\/image\\\/\"},\"sameAs\":[\"https:\\\/\\\/instagram.com\\\/portes_garcia\"]}]}<\/script>\n<!-- \/ Yoast SEO Premium plugin. -->","yoast_head_json":{"title":"RF 60 - Portes Garcia","robots":{"index":"index","follow":"follow","max-snippet":"max-snippet:-1","max-image-preview":"max-image-preview:large","max-video-preview":"max-video-preview:-1"},"canonical":"https:\/\/portesgarcia.com\/ca\/rf-60\/","og_locale":"ca_ES","og_type":"article","og_title":"RF 60","og_description":"RF 60 A Portes Garc\u00eda, ens adaptem a tot tipus de requeriments t\u00e8cnics i de disseny. Estem aqu\u00ed per escoltar les teves necessitats, aix\u00ed que no dubtis a contactar-nos i enviar-nos els teus requeriments espec\u00edfics. A m\u00e9s, treballem amb una \u00e0mplia varietat de materials, sempre complint la normativa CE. Pots confiar que les nostres portes [&hellip;]","og_url":"https:\/\/portesgarcia.com\/ca\/rf-60\/","og_site_name":"Portes Garcia","article_modified_time":"2023-07-26T10:59:09+00:00","og_image":[{"url":"https:\/\/portesgarcia.com\/wp-content\/uploads\/2023\/07\/rf_60_001-copia.jpg","type":"","width":"","height":""}],"twitter_card":"summary_large_image","schema":{"@context":"https:\/\/schema.org","@graph":[{"@type":"WebPage","@id":"https:\/\/portesgarcia.com\/ca\/rf-60\/","url":"https:\/\/portesgarcia.com\/ca\/rf-60\/","name":"RF 60 - Portes Garcia","isPartOf":{"@id":"https:\/\/portesgarcia.com\/ca\/#website"},"primaryImageOfPage":{"@id":"https:\/\/portesgarcia.com\/ca\/rf-60\/#primaryimage"},"image":{"@id":"https:\/\/portesgarcia.com\/ca\/rf-60\/#primaryimage"},"thumbnailUrl":"https:\/\/portesgarcia.com\/wp-content\/uploads\/2023\/07\/rf_60_001-copia.jpg","datePublished":"2023-07-03T08:55:56+00:00","dateModified":"2023-07-26T10:59:09+00:00","breadcrumb":{"@id":"https:\/\/portesgarcia.com\/ca\/rf-60\/#breadcrumb"},"inLanguage":"ca","potentialAction":[{"@type":"ReadAction","target":["https:\/\/portesgarcia.com\/ca\/rf-60\/"]}]},{"@type":"ImageObject","inLanguage":"ca","@id":"https:\/\/portesgarcia.com\/ca\/rf-60\/#primaryimage","url":"https:\/\/portesgarcia.com\/wp-content\/uploads\/2023\/07\/rf_60_001-copia.jpg","contentUrl":"https:\/\/portesgarcia.com\/wp-content\/uploads\/2023\/07\/rf_60_001-copia.jpg"},{"@type":"BreadcrumbList","@id":"https:\/\/portesgarcia.com\/ca\/rf-60\/#breadcrumb","itemListElement":[{"@type":"ListItem","position":1,"name":"Portada","item":"https:\/\/portesgarcia.com\/ca\/portes-garcia\/"},{"@type":"ListItem","position":2,"name":"RF 60"}]},{"@type":"WebSite","@id":"https:\/\/portesgarcia.com\/ca\/#website","url":"https:\/\/portesgarcia.com\/ca\/","name":"Portes Garcia","description":"","publisher":{"@id":"https:\/\/portesgarcia.com\/ca\/#organization"},"potentialAction":[{"@type":"SearchAction","target":{"@type":"EntryPoint","urlTemplate":"https:\/\/portesgarcia.com\/ca\/?s={search_term_string}"},"query-input":{"@type":"PropertyValueSpecification","valueRequired":true,"valueName":"search_term_string"}}],"inLanguage":"ca"},{"@type":"Organization","@id":"https:\/\/portesgarcia.com\/ca\/#organization","name":"Portes Garcia","url":"https:\/\/portesgarcia.com\/ca\/","logo":{"@type":"ImageObject","inLanguage":"ca","@id":"https:\/\/portesgarcia.com\/ca\/#\/schema\/logo\/image\/","url":"https:\/\/portesgarcia.com\/wp-content\/uploads\/2023\/06\/logo70.png","contentUrl":"https:\/\/portesgarcia.com\/wp-content\/uploads\/2023\/06\/logo70.png","width":222,"height":70,"caption":"Portes Garcia"},"image":{"@id":"https:\/\/portesgarcia.com\/ca\/#\/schema\/logo\/image\/"},"sameAs":["https:\/\/instagram.com\/portes_garcia"]}]}},"_links":{"self":[{"href":"https:\/\/portesgarcia.com\/ca\/wp-json\/wp\/v2\/pages\/8368","targetHints":{"allow":["GET"]}}],"collection":[{"href":"https:\/\/portesgarcia.com\/ca\/wp-json\/wp\/v2\/pages"}],"about":[{"href":"https:\/\/portesgarcia.com\/ca\/wp-json\/wp\/v2\/types\/page"}],"author":[{"embeddable":true,"href":"https:\/\/portesgarcia.com\/ca\/wp-json\/wp\/v2\/users\/2"}],"replies":[{"embeddable":true,"href":"https:\/\/portesgarcia.com\/ca\/wp-json\/wp\/v2\/comments?post=8368"}],"version-history":[{"count":0,"href":"https:\/\/portesgarcia.com\/ca\/wp-json\/wp\/v2\/pages\/8368\/revisions"}],"wp:attachment":[{"href":"https:\/\/portesgarcia.com\/ca\/wp-json\/wp\/v2\/media?parent=8368"}],"curies":[{"name":"wp","href":"https:\/\/api.w.org\/{rel}","templated":true}]}}